{"id":50,"date":"2017-05-18T15:26:48","date_gmt":"2017-05-18T13:26:48","guid":{"rendered":"https:\/\/www.vechtenweide.nl\/?page_id=50"},"modified":"2017-08-24T16:15:46","modified_gmt":"2017-08-24T14:15:46","slug":"appartementen","status":"publish","type":"page","link":"https:\/\/www.vechtenweide.nl\/fr\/appartementen\/","title":{"rendered":"Gites"},"content":{"rendered":"<p><\/p>\n<h1><strong>Gites <\/strong><\/h1>\n<p>Vecht &amp; Weide a 4 gites\/appartements de vacances agr\u00e9ables et confortables, tous sont nomm\u00e9s d\u2019un des oiseaux de prairie qui vivent dans les environs. Les appartements ont un int\u00e9rieur unique, il se trouve tout le confort moderne et ils sont \u00e9quip\u00e9es d\u2019une terrasse en d\u2019un entr\u00e9e s\u00e9par\u00e2t. Les animaux domestiques sont interdits.<\/p>","protected":false},"excerpt":{"rendered":"<p>Gites Vecht &amp; Weide a 4 gites\/appartements de vacances agr\u00e9ables et confortables, tous sont nomm\u00e9s d\u2019un des oiseaux de prairie qui vivent dans les environs. Les appartements ont un int\u00e9rieur unique, il se trouve tout le confort moderne et ils sont \u00e9quip\u00e9es d\u2019une terrasse en d\u2019un entr\u00e9e s\u00e9par\u00e2t. Les animaux domestiques sont interdits.<\/p>\n","protected":false},"author":1,"featured_media":0,"parent":0,"menu_order":0,"comment_status":"closed","ping_status":"closed","template":"page_accommodation_overview.php","meta":{"footnotes":""},"class_list":["post-50","page","type-page","status-publish","hentry"],"yoast_head":"<!-- This site is optimized with the Yoast SEO plugin v27.5 - https:\/\/yoast.com\/product\/yoast-seo-wordpress\/ -->\n<title>Gites - Vecht &amp; Weide<\/title>\n<meta name=\"robots\" content=\"index, follow, max-snippet:-1, max-image-preview:large, max-video-preview:-1\" \/>\n<link rel=\"canonical\" href=\"https:\/\/www.vechtenweide.nl\/appartementen\/\" \/>\n<meta property=\"og:locale\" content=\"fr_FR\" \/>\n<meta property=\"og:type\" content=\"article\" \/>\n<meta property=\"og:title\" content=\"Gites - Vecht &amp; Weide\" \/>\n<meta property=\"og:description\" content=\"Gites Vecht &amp; Weide a 4 gites\/appartements de vacances agr\u00e9ables et confortables, tous sont nomm\u00e9s d\u2019un des oiseaux de prairie qui vivent dans les environs. Les appartements ont un int\u00e9rieur unique, il se trouve tout le confort moderne et ils sont \u00e9quip\u00e9es d\u2019une terrasse en d\u2019un entr\u00e9e s\u00e9par\u00e2t. Les animaux domestiques sont interdits.\" \/>\n<meta property=\"og:url\" content=\"https:\/\/www.vechtenweide.nl\/appartementen\/\" \/>\n<meta property=\"og:site_name\" content=\"Vecht &amp; Weide\" \/>\n<meta property=\"article:publisher\" content=\"https:\/\/www.facebook.com\/vakantiehuisjes.vecht.en.weide\/\" \/>\n<meta property=\"article:modified_time\" content=\"2017-08-24T14:15:46+00:00\" \/>\n<meta property=\"og:image\" content=\"https:\/\/www.vechtenweide.nl\/wp-content\/uploads\/2017\/07\/logo_white_border.png\" \/>\n\t<meta property=\"og:image:width\" content=\"1551\" \/>\n\t<meta property=\"og:image:height\" content=\"680\" \/>\n\t<meta property=\"og:image:type\" content=\"image\/png\" \/>\n<meta name=\"twitter:card\" content=\"summary_large_image\" \/>\n<meta name=\"twitter:label1\" content=\"Dur\u00e9e de lecture estim\u00e9e\" \/>\n\t<meta name=\"twitter:data1\" content=\"1 minute\" \/>\n<script type=\"application\/ld+json\" class=\"yoast-schema-graph\">{\"@context\":\"https:\\\/\\\/schema.org\",\"@graph\":[{\"@type\":\"WebPage\",\"@id\":\"https:\\\/\\\/www.vechtenweide.nl\\\/appartementen\\\/\",\"url\":\"https:\\\/\\\/www.vechtenweide.nl\\\/appartementen\\\/\",\"name\":\"Gites - Vecht &amp; Weide\",\"isPartOf\":{\"@id\":\"https:\\\/\\\/www.vechtenweide.nl\\\/#website\"},\"datePublished\":\"2017-05-18T13:26:48+00:00\",\"dateModified\":\"2017-08-24T14:15:46+00:00\",\"breadcrumb\":{\"@id\":\"https:\\\/\\\/www.vechtenweide.nl\\\/appartementen\\\/#breadcrumb\"},\"inLanguage\":\"fr-FR\",\"potentialAction\":[{\"@type\":\"ReadAction\",\"target\":[\"https:\\\/\\\/www.vechtenweide.nl\\\/appartementen\\\/\"]}]},{\"@type\":\"BreadcrumbList\",\"@id\":\"https:\\\/\\\/www.vechtenweide.nl\\\/appartementen\\\/#breadcrumb\",\"itemListElement\":[{\"@type\":\"ListItem\",\"position\":1,\"name\":\"Home\",\"item\":\"https:\\\/\\\/www.vechtenweide.nl\\\/\"},{\"@type\":\"ListItem\",\"position\":2,\"name\":\"Appartementen\"}]},{\"@type\":\"WebSite\",\"@id\":\"https:\\\/\\\/www.vechtenweide.nl\\\/#website\",\"url\":\"https:\\\/\\\/www.vechtenweide.nl\\\/\",\"name\":\"Vecht & Weide\",\"description\":\"\",\"publisher\":{\"@id\":\"https:\\\/\\\/www.vechtenweide.nl\\\/#organization\"},\"potentialAction\":[{\"@type\":\"SearchAction\",\"target\":{\"@type\":\"EntryPoint\",\"urlTemplate\":\"https:\\\/\\\/www.vechtenweide.nl\\\/?s={search_term_string}\"},\"query-input\":{\"@type\":\"PropertyValueSpecification\",\"valueRequired\":true,\"valueName\":\"search_term_string\"}}],\"inLanguage\":\"fr-FR\"},{\"@type\":\"Organization\",\"@id\":\"https:\\\/\\\/www.vechtenweide.nl\\\/#organization\",\"name\":\"Vecht & Weide\",\"url\":\"https:\\\/\\\/www.vechtenweide.nl\\\/\",\"logo\":{\"@type\":\"ImageObject\",\"inLanguage\":\"fr-FR\",\"@id\":\"https:\\\/\\\/www.vechtenweide.nl\\\/#\\\/schema\\\/logo\\\/image\\\/\",\"url\":\"https:\\\/\\\/www.vechtenweide.nl\\\/wp-content\\\/uploads\\\/2017\\\/07\\\/logo_white_border.png\",\"contentUrl\":\"https:\\\/\\\/www.vechtenweide.nl\\\/wp-content\\\/uploads\\\/2017\\\/07\\\/logo_white_border.png\",\"width\":1551,\"height\":680,\"caption\":\"Vecht & Weide\"},\"image\":{\"@id\":\"https:\\\/\\\/www.vechtenweide.nl\\\/#\\\/schema\\\/logo\\\/image\\\/\"},\"sameAs\":[\"https:\\\/\\\/www.facebook.com\\\/vakantiehuisjes.vecht.en.weide\\\/\"]}]}<\/script>\n<!-- \/ Yoast SEO plugin. -->","yoast_head_json":{"title":"Gites - Vecht &amp; Weide","robots":{"index":"index","follow":"follow","max-snippet":"max-snippet:-1","max-image-preview":"max-image-preview:large","max-video-preview":"max-video-preview:-1"},"canonical":"https:\/\/www.vechtenweide.nl\/appartementen\/","og_locale":"fr_FR","og_type":"article","og_title":"Gites - Vecht &amp; Weide","og_description":"Gites Vecht &amp; Weide a 4 gites\/appartements de vacances agr\u00e9ables et confortables, tous sont nomm\u00e9s d\u2019un des oiseaux de prairie qui vivent dans les environs. Les appartements ont un int\u00e9rieur unique, il se trouve tout le confort moderne et ils sont \u00e9quip\u00e9es d\u2019une terrasse en d\u2019un entr\u00e9e s\u00e9par\u00e2t. Les animaux domestiques sont interdits.","og_url":"https:\/\/www.vechtenweide.nl\/appartementen\/","og_site_name":"Vecht &amp; Weide","article_publisher":"https:\/\/www.facebook.com\/vakantiehuisjes.vecht.en.weide\/","article_modified_time":"2017-08-24T14:15:46+00:00","og_image":[{"width":1551,"height":680,"url":"https:\/\/www.vechtenweide.nl\/wp-content\/uploads\/2017\/07\/logo_white_border.png","type":"image\/png"}],"twitter_card":"summary_large_image","twitter_misc":{"Dur\u00e9e de lecture estim\u00e9e":"1 minute"},"schema":{"@context":"https:\/\/schema.org","@graph":[{"@type":"WebPage","@id":"https:\/\/www.vechtenweide.nl\/appartementen\/","url":"https:\/\/www.vechtenweide.nl\/appartementen\/","name":"Gites - Vecht &amp; Weide","isPartOf":{"@id":"https:\/\/www.vechtenweide.nl\/#website"},"datePublished":"2017-05-18T13:26:48+00:00","dateModified":"2017-08-24T14:15:46+00:00","breadcrumb":{"@id":"https:\/\/www.vechtenweide.nl\/appartementen\/#breadcrumb"},"inLanguage":"fr-FR","potentialAction":[{"@type":"ReadAction","target":["https:\/\/www.vechtenweide.nl\/appartementen\/"]}]},{"@type":"BreadcrumbList","@id":"https:\/\/www.vechtenweide.nl\/appartementen\/#breadcrumb","itemListElement":[{"@type":"ListItem","position":1,"name":"Home","item":"https:\/\/www.vechtenweide.nl\/"},{"@type":"ListItem","position":2,"name":"Appartementen"}]},{"@type":"WebSite","@id":"https:\/\/www.vechtenweide.nl\/#website","url":"https:\/\/www.vechtenweide.nl\/","name":"Vecht & Weide","description":"","publisher":{"@id":"https:\/\/www.vechtenweide.nl\/#organization"},"potentialAction":[{"@type":"SearchAction","target":{"@type":"EntryPoint","urlTemplate":"https:\/\/www.vechtenweide.nl\/?s={search_term_string}"},"query-input":{"@type":"PropertyValueSpecification","valueRequired":true,"valueName":"search_term_string"}}],"inLanguage":"fr-FR"},{"@type":"Organization","@id":"https:\/\/www.vechtenweide.nl\/#organization","name":"Vecht & Weide","url":"https:\/\/www.vechtenweide.nl\/","logo":{"@type":"ImageObject","inLanguage":"fr-FR","@id":"https:\/\/www.vechtenweide.nl\/#\/schema\/logo\/image\/","url":"https:\/\/www.vechtenweide.nl\/wp-content\/uploads\/2017\/07\/logo_white_border.png","contentUrl":"https:\/\/www.vechtenweide.nl\/wp-content\/uploads\/2017\/07\/logo_white_border.png","width":1551,"height":680,"caption":"Vecht & Weide"},"image":{"@id":"https:\/\/www.vechtenweide.nl\/#\/schema\/logo\/image\/"},"sameAs":["https:\/\/www.facebook.com\/vakantiehuisjes.vecht.en.weide\/"]}]}},"_links":{"self":[{"href":"https:\/\/www.vechtenweide.nl\/fr\/wp-json\/wp\/v2\/pages\/50","targetHints":{"allow":["GET"]}}],"collection":[{"href":"https:\/\/www.vechtenweide.nl\/fr\/wp-json\/wp\/v2\/pages"}],"about":[{"href":"https:\/\/www.vechtenweide.nl\/fr\/wp-json\/wp\/v2\/types\/page"}],"author":[{"embeddable":true,"href":"https:\/\/www.vechtenweide.nl\/fr\/wp-json\/wp\/v2\/users\/1"}],"replies":[{"embeddable":true,"href":"https:\/\/www.vechtenweide.nl\/fr\/wp-json\/wp\/v2\/comments?post=50"}],"version-history":[{"count":4,"href":"https:\/\/www.vechtenweide.nl\/fr\/wp-json\/wp\/v2\/pages\/50\/revisions"}],"predecessor-version":[{"id":1049,"href":"https:\/\/www.vechtenweide.nl\/fr\/wp-json\/wp\/v2\/pages\/50\/revisions\/1049"}],"wp:attachment":[{"href":"https:\/\/www.vechtenweide.nl\/fr\/wp-json\/wp\/v2\/media?parent=50"}],"curies":[{"name":"wp","href":"https:\/\/api.w.org\/{rel}","templated":true}]}}