{"id":15,"date":"2017-05-11T15:23:32","date_gmt":"2017-05-11T13:23:32","guid":{"rendered":"https:\/\/www.vechtenweide.nl\/?page_id=15"},"modified":"2025-02-28T09:05:09","modified_gmt":"2025-02-28T08:05:09","slug":"home","status":"publish","type":"page","link":"https:\/\/www.vechtenweide.nl\/fr\/","title":{"rendered":"Home"},"content":{"rendered":"<p><\/p>\n<h1>Bienvenue<\/h1>\n<p><strong>Bienvenue \u00e0 Vecht &amp; Weide\u00a0:<\/strong><br \/>\nNos gites et l\u2019aire de camping-car se trouvent dans l\u2019environnement rural de Weesp. Vecht &amp; Weide est un endroit merveilleux pour se d\u00e9tendre, entour\u00e9 du p\u00e2turage et la rivi\u00e8re \u2018de Vecht\u2019. On peut d\u00e9couvrir les environnements \u00e0 bicyclette ou \u00e0 pied. Il y a de nombreuses possibilit\u00e9s de loisirs de l\u2019eau sur \u00ab\u00a0de Vecht\u00a0\u00bb, \u00ab\u00a0de Spiegelplas\u00a0\u00bb, \u00ab\u00a0de Ankeveense Plassen\u00a0\u00bb et \u00ab\u00a0het Naardermeer\u00a0\u00bb.<\/p>\n<p>Malgr\u00e9 sa situation \u00e0 la campagne, il y a un arr\u00eat de bus \u00e0 300 m. Un restaurant \u00e0 400 m\u00e8tres, une plage \u00e0 1,5 kilom\u00e8tres, Les magasins \u00e0 4 kilom\u00e8tres et la gare de Weesp \u00e0 6 kilom\u00e8tres.<\/p>\n<p>&nbsp;<\/p>\n<p><strong>Lieux \u00e0 voir et \u00e0 visiter dans les environs :<\/strong><\/p>\n<p>Amsterdam (15 km &#8211; aussi facilement accessible par les transports en commun)<br \/>\nMuiden (9 km &#8211; Avec le Muiderslot et l\u2019\u00eele forteresse Pampus)<br \/>\nLa ville fortifi\u00e9e de Naarden (11 km &#8211; avec le \u00ab\u00a0Vestingmuseum\u00a0\u00bb (mus\u00e9e sur les forteresses).<\/p>\n<p>Notre aire de camping-car est \u00e9quip\u00e9e des emplacements tr\u00e8s spacieux.<br \/>\nNos gites confortables sont tr\u00e8s spacieuses et bien \u00e9quip\u00e9es. Le parking est sur le terrain et le WiFi est gratuit.<\/p>\n<p>Le parking du Dammerweg 5c est \u00e9galement \u00e9quip\u00e9 de bornes de recharge avec 4 prises de courant pour recharger votre voiture \u00e9lectrique.<\/p>\n<p><em>Nous sommes affili\u00e9s \u00e0<\/em><br \/>\n<a class=\"noicon\" href=\"http:\/\/www.langsboerenerven.nl\/\" target=\"_blank\" rel=\"noopener\"><img decoding=\"async\" class=\"alignnone wp-image-30904\" src=\"https:\/\/www.vechtenweide.nl\/wp-content\/uploads\/2024\/07\/logo-langs-boerenerven-300x210.jpg\" alt=\"\" width=\"129\" height=\"90\" srcset=\"https:\/\/www.vechtenweide.nl\/wp-content\/uploads\/2024\/07\/logo-langs-boerenerven-300x210.jpg 300w, https:\/\/www.vechtenweide.nl\/wp-content\/uploads\/2024\/07\/logo-langs-boerenerven-1024x716.jpg 1024w, https:\/\/www.vechtenweide.nl\/wp-content\/uploads\/2024\/07\/logo-langs-boerenerven-768x537.jpg 768w, https:\/\/www.vechtenweide.nl\/wp-content\/uploads\/2024\/07\/logo-langs-boerenerven-1536x1074.jpg 1536w, https:\/\/www.vechtenweide.nl\/wp-content\/uploads\/2024\/07\/logo-langs-boerenerven-2048x1432.jpg 2048w, https:\/\/www.vechtenweide.nl\/wp-content\/uploads\/2024\/07\/logo-langs-boerenerven-1500x1049.jpg 1500w, https:\/\/www.vechtenweide.nl\/wp-content\/uploads\/2024\/07\/logo-langs-boerenerven-700x489.jpg 700w, https:\/\/www.vechtenweide.nl\/wp-content\/uploads\/2024\/07\/logo-langs-boerenerven-500x350.jpg 500w, https:\/\/www.vechtenweide.nl\/wp-content\/uploads\/2024\/07\/logo-langs-boerenerven-1200x839.jpg 1200w\" sizes=\"(max-width: 129px) 100vw, 129px\" \/><\/a><\/p>\n<p><em>Rendu possible par:<\/em><br \/>\n<img decoding=\"async\" class=\"alignnone wp-image-962\" src=\"https:\/\/www.vechtenweide.nl\/wp-content\/uploads\/2017\/07\/noord_holland-300x59.png\" alt=\"\" width=\"199\" height=\"39\" \/><\/p>\n<p>&nbsp;<\/p>\n<p><strong style=\"color: white; font-size: 16px;\">Comme nous sur Facebook!<\/strong><\/p>\n<p><iframe style=\"border: none; overflow: hidden;\" src=\"https:\/\/www.facebook.com\/plugins\/like.php?href=https%3A%2F%2Fwww.facebook.com%2Fvakantiehuisjes.vecht.en.weide&amp;width=100&amp;layout=standard&amp;action=like&amp;size=large&amp;show_faces=true&amp;share=true&amp;height=80&amp;appId=193338890715092\" width=\"300\" height=\"80\" frameborder=\"0\" scrolling=\"no\"><\/iframe><\/p>","protected":false},"excerpt":{"rendered":"<p>Bienvenue Bienvenue \u00e0 Vecht &amp; Weide\u00a0: Nos gites et l\u2019aire de camping-car se trouvent dans l\u2019environnement rural de Weesp. Vecht &amp; Weide est un endroit merveilleux pour se d\u00e9tendre, entour\u00e9 du p\u00e2turage et la rivi\u00e8re \u2018de Vecht\u2019. On peut d\u00e9couvrir les environnements \u00e0 bicyclette ou \u00e0 pied. Il y a de nombreuses possibilit\u00e9s de loisirs [&hellip;]<\/p>\n","protected":false},"author":1,"featured_media":142,"parent":0,"menu_order":0,"comment_status":"closed","ping_status":"closed","template":"page_voorpagina.php","meta":{"footnotes":""},"class_list":["post-15","page","type-page","status-publish","has-post-thumbnail","hentry"],"yoast_head":"<!-- This site is optimized with the Yoast SEO plugin v27.3 - https:\/\/yoast.com\/product\/yoast-seo-wordpress\/ -->\n<title>Vecht &amp; Weide - Landelijke Vakantiehuisjes en Camperplaats<\/title>\n<meta name=\"description\" content=\"Onze vakantiehuisjes en camperplaats locaties vindt u in de landelijke omgeving van Weesp. Omringt door weilanden en rivier de Vecht is het een heerlijke plaats om tot rust te komen.\" \/>\n<meta name=\"robots\" content=\"index, follow, max-snippet:-1, max-image-preview:large, max-video-preview:-1\" \/>\n<link rel=\"canonical\" href=\"https:\/\/www.vechtenweide.nl\/\" \/>\n<meta property=\"og:locale\" content=\"fr_FR\" \/>\n<meta property=\"og:type\" content=\"article\" \/>\n<meta property=\"og:title\" content=\"[:nl]Vecht &amp; Weide - Landelijke Vakantiehuisjes en Camperplaats [:]\" \/>\n<meta property=\"og:description\" content=\"{:nl}Onze vakantiehuisjes en camperplaats locaties vindt u in de landelijke omgeving van Weesp. Omringt door weilanden en rivier de Vecht is het een heerlijke plaats om tot rust te komen. {:}\" \/>\n<meta property=\"og:url\" content=\"https:\/\/www.vechtenweide.nl\/\" \/>\n<meta property=\"og:site_name\" content=\"Vecht &amp; Weide\" \/>\n<meta property=\"article:publisher\" content=\"https:\/\/www.facebook.com\/vakantiehuisjes.vecht.en.weide\/\" \/>\n<meta property=\"article:modified_time\" content=\"2025-02-28T08:05:09+00:00\" \/>\n<meta property=\"og:image\" content=\"https:\/\/www.vechtenweide.nl\/wp-content\/uploads\/2017\/05\/DSCN2412-scaled.jpg\" \/>\n\t<meta property=\"og:image:width\" content=\"2560\" \/>\n\t<meta property=\"og:image:height\" content=\"1920\" \/>\n\t<meta property=\"og:image:type\" content=\"image\/jpeg\" \/>\n<meta name=\"twitter:card\" content=\"summary_large_image\" \/>\n<meta name=\"twitter:label1\" content=\"Dur\u00e9e de lecture estim\u00e9e\" \/>\n\t<meta name=\"twitter:data1\" content=\"7 minutes\" \/>\n<script type=\"application\/ld+json\" class=\"yoast-schema-graph\">{\"@context\":\"https:\\\/\\\/schema.org\",\"@graph\":[{\"@type\":\"WebPage\",\"@id\":\"https:\\\/\\\/www.vechtenweide.nl\\\/\",\"url\":\"https:\\\/\\\/www.vechtenweide.nl\\\/\",\"name\":\"[:nl]Vecht &amp; Weide - Landelijke Vakantiehuisjes en Camperplaats [:]\",\"isPartOf\":{\"@id\":\"https:\\\/\\\/www.vechtenweide.nl\\\/#website\"},\"primaryImageOfPage\":{\"@id\":\"https:\\\/\\\/www.vechtenweide.nl\\\/#primaryimage\"},\"image\":{\"@id\":\"https:\\\/\\\/www.vechtenweide.nl\\\/#primaryimage\"},\"thumbnailUrl\":\"https:\\\/\\\/www.vechtenweide.nl\\\/wp-content\\\/uploads\\\/2017\\\/05\\\/DSCN2412-scaled.jpg\",\"datePublished\":\"2017-05-11T13:23:32+00:00\",\"dateModified\":\"2025-02-28T08:05:09+00:00\",\"description\":\"{:nl}Onze vakantiehuisjes en camperplaats locaties vindt u in de landelijke omgeving van Weesp. Omringt door weilanden en rivier de Vecht is het een heerlijke plaats om tot rust te komen. {:}\",\"breadcrumb\":{\"@id\":\"https:\\\/\\\/www.vechtenweide.nl\\\/#breadcrumb\"},\"inLanguage\":\"fr-FR\",\"potentialAction\":[{\"@type\":\"ReadAction\",\"target\":[\"https:\\\/\\\/www.vechtenweide.nl\\\/\"]}]},{\"@type\":\"ImageObject\",\"inLanguage\":\"fr-FR\",\"@id\":\"https:\\\/\\\/www.vechtenweide.nl\\\/#primaryimage\",\"url\":\"https:\\\/\\\/www.vechtenweide.nl\\\/wp-content\\\/uploads\\\/2017\\\/05\\\/DSCN2412-scaled.jpg\",\"contentUrl\":\"https:\\\/\\\/www.vechtenweide.nl\\\/wp-content\\\/uploads\\\/2017\\\/05\\\/DSCN2412-scaled.jpg\",\"width\":2560,\"height\":1920},{\"@type\":\"BreadcrumbList\",\"@id\":\"https:\\\/\\\/www.vechtenweide.nl\\\/#breadcrumb\",\"itemListElement\":[{\"@type\":\"ListItem\",\"position\":1,\"name\":\"Home\",\"item\":\"https:\\\/\\\/www.vechtenweide.nl\\\/\"},{\"@type\":\"ListItem\",\"position\":2,\"name\":\"Home\"}]},{\"@type\":\"WebSite\",\"@id\":\"https:\\\/\\\/www.vechtenweide.nl\\\/#website\",\"url\":\"https:\\\/\\\/www.vechtenweide.nl\\\/\",\"name\":\"Vecht & Weide\",\"description\":\"\",\"publisher\":{\"@id\":\"https:\\\/\\\/www.vechtenweide.nl\\\/#organization\"},\"potentialAction\":[{\"@type\":\"SearchAction\",\"target\":{\"@type\":\"EntryPoint\",\"urlTemplate\":\"https:\\\/\\\/www.vechtenweide.nl\\\/?s={search_term_string}\"},\"query-input\":{\"@type\":\"PropertyValueSpecification\",\"valueRequired\":true,\"valueName\":\"search_term_string\"}}],\"inLanguage\":\"fr-FR\"},{\"@type\":\"Organization\",\"@id\":\"https:\\\/\\\/www.vechtenweide.nl\\\/#organization\",\"name\":\"Vecht & Weide\",\"url\":\"https:\\\/\\\/www.vechtenweide.nl\\\/\",\"logo\":{\"@type\":\"ImageObject\",\"inLanguage\":\"fr-FR\",\"@id\":\"https:\\\/\\\/www.vechtenweide.nl\\\/#\\\/schema\\\/logo\\\/image\\\/\",\"url\":\"https:\\\/\\\/www.vechtenweide.nl\\\/wp-content\\\/uploads\\\/2017\\\/07\\\/logo_white_border.png\",\"contentUrl\":\"https:\\\/\\\/www.vechtenweide.nl\\\/wp-content\\\/uploads\\\/2017\\\/07\\\/logo_white_border.png\",\"width\":1551,\"height\":680,\"caption\":\"Vecht & Weide\"},\"image\":{\"@id\":\"https:\\\/\\\/www.vechtenweide.nl\\\/#\\\/schema\\\/logo\\\/image\\\/\"},\"sameAs\":[\"https:\\\/\\\/www.facebook.com\\\/vakantiehuisjes.vecht.en.weide\\\/\"]}]}<\/script>\n<!-- \/ Yoast SEO plugin. -->","yoast_head_json":{"title":"Vecht &amp; Weide - Landelijke Vakantiehuisjes en Camperplaats","description":"Onze vakantiehuisjes en camperplaats locaties vindt u in de landelijke omgeving van Weesp. Omringt door weilanden en rivier de Vecht is het een heerlijke plaats om tot rust te komen.","robots":{"index":"index","follow":"follow","max-snippet":"max-snippet:-1","max-image-preview":"max-image-preview:large","max-video-preview":"max-video-preview:-1"},"canonical":"https:\/\/www.vechtenweide.nl\/","og_locale":"fr_FR","og_type":"article","og_title":"[:nl]Vecht &amp; Weide - Landelijke Vakantiehuisjes en Camperplaats [:]","og_description":"{:nl}Onze vakantiehuisjes en camperplaats locaties vindt u in de landelijke omgeving van Weesp. Omringt door weilanden en rivier de Vecht is het een heerlijke plaats om tot rust te komen. {:}","og_url":"https:\/\/www.vechtenweide.nl\/","og_site_name":"Vecht &amp; Weide","article_publisher":"https:\/\/www.facebook.com\/vakantiehuisjes.vecht.en.weide\/","article_modified_time":"2025-02-28T08:05:09+00:00","og_image":[{"width":2560,"height":1920,"url":"https:\/\/www.vechtenweide.nl\/wp-content\/uploads\/2017\/05\/DSCN2412-scaled.jpg","type":"image\/jpeg"}],"twitter_card":"summary_large_image","twitter_misc":{"Dur\u00e9e de lecture estim\u00e9e":"7 minutes"},"schema":{"@context":"https:\/\/schema.org","@graph":[{"@type":"WebPage","@id":"https:\/\/www.vechtenweide.nl\/","url":"https:\/\/www.vechtenweide.nl\/","name":"[:nl]Vecht &amp; Weide - Landelijke Vakantiehuisjes en Camperplaats [:]","isPartOf":{"@id":"https:\/\/www.vechtenweide.nl\/#website"},"primaryImageOfPage":{"@id":"https:\/\/www.vechtenweide.nl\/#primaryimage"},"image":{"@id":"https:\/\/www.vechtenweide.nl\/#primaryimage"},"thumbnailUrl":"https:\/\/www.vechtenweide.nl\/wp-content\/uploads\/2017\/05\/DSCN2412-scaled.jpg","datePublished":"2017-05-11T13:23:32+00:00","dateModified":"2025-02-28T08:05:09+00:00","description":"{:nl}Onze vakantiehuisjes en camperplaats locaties vindt u in de landelijke omgeving van Weesp. Omringt door weilanden en rivier de Vecht is het een heerlijke plaats om tot rust te komen. {:}","breadcrumb":{"@id":"https:\/\/www.vechtenweide.nl\/#breadcrumb"},"inLanguage":"fr-FR","potentialAction":[{"@type":"ReadAction","target":["https:\/\/www.vechtenweide.nl\/"]}]},{"@type":"ImageObject","inLanguage":"fr-FR","@id":"https:\/\/www.vechtenweide.nl\/#primaryimage","url":"https:\/\/www.vechtenweide.nl\/wp-content\/uploads\/2017\/05\/DSCN2412-scaled.jpg","contentUrl":"https:\/\/www.vechtenweide.nl\/wp-content\/uploads\/2017\/05\/DSCN2412-scaled.jpg","width":2560,"height":1920},{"@type":"BreadcrumbList","@id":"https:\/\/www.vechtenweide.nl\/#breadcrumb","itemListElement":[{"@type":"ListItem","position":1,"name":"Home","item":"https:\/\/www.vechtenweide.nl\/"},{"@type":"ListItem","position":2,"name":"Home"}]},{"@type":"WebSite","@id":"https:\/\/www.vechtenweide.nl\/#website","url":"https:\/\/www.vechtenweide.nl\/","name":"Vecht & Weide","description":"","publisher":{"@id":"https:\/\/www.vechtenweide.nl\/#organization"},"potentialAction":[{"@type":"SearchAction","target":{"@type":"EntryPoint","urlTemplate":"https:\/\/www.vechtenweide.nl\/?s={search_term_string}"},"query-input":{"@type":"PropertyValueSpecification","valueRequired":true,"valueName":"search_term_string"}}],"inLanguage":"fr-FR"},{"@type":"Organization","@id":"https:\/\/www.vechtenweide.nl\/#organization","name":"Vecht & Weide","url":"https:\/\/www.vechtenweide.nl\/","logo":{"@type":"ImageObject","inLanguage":"fr-FR","@id":"https:\/\/www.vechtenweide.nl\/#\/schema\/logo\/image\/","url":"https:\/\/www.vechtenweide.nl\/wp-content\/uploads\/2017\/07\/logo_white_border.png","contentUrl":"https:\/\/www.vechtenweide.nl\/wp-content\/uploads\/2017\/07\/logo_white_border.png","width":1551,"height":680,"caption":"Vecht & Weide"},"image":{"@id":"https:\/\/www.vechtenweide.nl\/#\/schema\/logo\/image\/"},"sameAs":["https:\/\/www.facebook.com\/vakantiehuisjes.vecht.en.weide\/"]}]}},"_links":{"self":[{"href":"https:\/\/www.vechtenweide.nl\/fr\/wp-json\/wp\/v2\/pages\/15","targetHints":{"allow":["GET"]}}],"collection":[{"href":"https:\/\/www.vechtenweide.nl\/fr\/wp-json\/wp\/v2\/pages"}],"about":[{"href":"https:\/\/www.vechtenweide.nl\/fr\/wp-json\/wp\/v2\/types\/page"}],"author":[{"embeddable":true,"href":"https:\/\/www.vechtenweide.nl\/fr\/wp-json\/wp\/v2\/users\/1"}],"replies":[{"embeddable":true,"href":"https:\/\/www.vechtenweide.nl\/fr\/wp-json\/wp\/v2\/comments?post=15"}],"version-history":[{"count":33,"href":"https:\/\/www.vechtenweide.nl\/fr\/wp-json\/wp\/v2\/pages\/15\/revisions"}],"predecessor-version":[{"id":33280,"href":"https:\/\/www.vechtenweide.nl\/fr\/wp-json\/wp\/v2\/pages\/15\/revisions\/33280"}],"wp:featuredmedia":[{"embeddable":true,"href":"https:\/\/www.vechtenweide.nl\/fr\/wp-json\/wp\/v2\/media\/142"}],"wp:attachment":[{"href":"https:\/\/www.vechtenweide.nl\/fr\/wp-json\/wp\/v2\/media?parent=15"}],"curies":[{"name":"wp","href":"https:\/\/api.w.org\/{rel}","templated":true}]}}