{"id":15,"date":"2017-05-11T15:23:32","date_gmt":"2017-05-11T13:23:32","guid":{"rendered":"https:\/\/www.vechtenweide.nl\/?page_id=15"},"modified":"2025-02-28T09:05:09","modified_gmt":"2025-02-28T08:05:09","slug":"home","status":"publish","type":"page","link":"https:\/\/www.vechtenweide.nl\/de\/","title":{"rendered":"Home"},"content":{"rendered":"<p><\/p>\n<h1>Herzlich Willkommen:<\/h1>\n<p>Unsere Mietwohnungen und Wohnmobilstellpl\u00e4tze befinden sich in der l\u00e4ndlichen Umgebung von Weesp. Zwischen Fluss und Wiesen ist dies ein wunderbarer Ort zum Entspannen. Es ist ein idealer Ausgangspunkt f\u00fcr Erkundungen, mit dem Fahrrad oder zu Fu\u00df, an der sch\u00f6nen Vecht oder die nahe gelegenen Seen. Dar\u00fcber hinaus gibt es zahlreiche M\u00f6glichkeiten zur Erholung am Wasser. Nicht nur die Vecht ist ganz nah, sondern auch die Spiegelplas, Ankeveense Seen und Naardermeer sind schnell zu erreichen. Ein Strandufer mit sch\u00f6nem klaren Wasser zum schwimmen ist nur 1,5 km entfernt. Trotz der l\u00e4ndlichen Lage, gibt es eine Bushaltestelle in 300 m., ein Restaurant in 400 m., Gesch\u00e4fte in 4 km und einen Bahnhof in 6 km Entfernung.<\/p>\n<p><strong>Besondere Orte in der Umgebung, die einen Besuch wert sind: <\/strong><\/p>\n<ul>\n<li>Amsterdam (15 km &#8211; Leicht mit \u00f6ffentlichen Verkehrsmitteln zu erreichen. In Weesp gibt es auch einen gro\u00dfen Park&amp;Ride Parkplatz.)<\/li>\n<li>Muiden (9 km &#8211; Mit der Muiderslot und Festungsinsel Pampus.)<\/li>\n<li>Die Festungsstadt Naarden (11 km &#8211; Festungsmuseum.)<\/li>\n<\/ul>\n<p>&nbsp;<\/p>\n<p>Unser Wohnmobil ist ausgestattet mit gro\u00dfen Pl\u00e4tzen und gem\u00fctliche Ferienh\u00e4user sind wunderbar ger\u00e4umig und gut ausgestattet. Das Parken ist vor Ort und kostenloses WLAN.<\/p>\n<p>Der Parkplatz am Dammerweg 5c ist au\u00dferdem mit Ladestationen mit 4 Steckdosen zum Aufladen Ihres Elektroautos ausgestattet.<\/p>\n<p><em>Wir sind mit verbunden:<\/em><br \/>\n<a class=\"noicon\" href=\"http:\/\/www.langsboerenerven.nl\/\" target=\"_blank\" rel=\"noopener\"><img decoding=\"async\" class=\"alignnone wp-image-30904\" src=\"https:\/\/www.vechtenweide.nl\/wp-content\/uploads\/2024\/07\/logo-langs-boerenerven-300x210.jpg\" alt=\"\" width=\"129\" height=\"90\" srcset=\"https:\/\/www.vechtenweide.nl\/wp-content\/uploads\/2024\/07\/logo-langs-boerenerven-300x210.jpg 300w, https:\/\/www.vechtenweide.nl\/wp-content\/uploads\/2024\/07\/logo-langs-boerenerven-1024x716.jpg 1024w, https:\/\/www.vechtenweide.nl\/wp-content\/uploads\/2024\/07\/logo-langs-boerenerven-768x537.jpg 768w, https:\/\/www.vechtenweide.nl\/wp-content\/uploads\/2024\/07\/logo-langs-boerenerven-1536x1074.jpg 1536w, https:\/\/www.vechtenweide.nl\/wp-content\/uploads\/2024\/07\/logo-langs-boerenerven-2048x1432.jpg 2048w, https:\/\/www.vechtenweide.nl\/wp-content\/uploads\/2024\/07\/logo-langs-boerenerven-1500x1049.jpg 1500w, https:\/\/www.vechtenweide.nl\/wp-content\/uploads\/2024\/07\/logo-langs-boerenerven-700x489.jpg 700w, https:\/\/www.vechtenweide.nl\/wp-content\/uploads\/2024\/07\/logo-langs-boerenerven-500x350.jpg 500w, https:\/\/www.vechtenweide.nl\/wp-content\/uploads\/2024\/07\/logo-langs-boerenerven-1200x839.jpg 1200w\" sizes=\"(max-width: 129px) 100vw, 129px\" \/><\/a><\/p>\n<p><em>Erm\u00f6glicht durch:<\/em><br \/>\n<img decoding=\"async\" class=\"alignnone wp-image-962\" src=\"https:\/\/www.vechtenweide.nl\/wp-content\/uploads\/2017\/07\/noord_holland-300x59.png\" alt=\"\" width=\"199\" height=\"39\" \/><\/p>\n<p>&nbsp;<\/p>\n<p><strong style=\"color: white; font-size: 16px;\">Wie bei uns auf Facebook!<\/strong><\/p>\n<p><iframe style=\"border: none; overflow: hidden;\" src=\"https:\/\/www.facebook.com\/plugins\/like.php?href=https%3A%2F%2Fwww.facebook.com%2Fvakantiehuisjes.vecht.en.weide&amp;width=100&amp;layout=standard&amp;action=like&amp;size=large&amp;show_faces=true&amp;share=true&amp;height=80&amp;appId=193338890715092\" width=\"300\" height=\"80\" frameborder=\"0\" scrolling=\"no\"><\/iframe><\/p>\n<p><strong>Downloads<\/strong><\/p>\n<p><a href=\"https:\/\/www.vechtenweide.nl\/wp-content\/uploads\/2025\/02\/Nederland-rond-het-IJsselmeer-Duits-definitief.pdf\"><img loading=\"lazy\" decoding=\"async\" class=\"alignnone wp-image-31398 size-medium\" src=\"https:\/\/www.vechtenweide.nl\/wp-content\/uploads\/2024\/09\/rondje_ijsselmeer-256x300.png\" alt=\"\" width=\"256\" height=\"300\" srcset=\"https:\/\/www.vechtenweide.nl\/wp-content\/uploads\/2024\/09\/rondje_ijsselmeer-256x300.png 256w, https:\/\/www.vechtenweide.nl\/wp-content\/uploads\/2024\/09\/rondje_ijsselmeer-500x587.png 500w, https:\/\/www.vechtenweide.nl\/wp-content\/uploads\/2024\/09\/rondje_ijsselmeer.png 611w\" sizes=\"(max-width: 256px) 100vw, 256px\" \/><\/a><\/p>","protected":false},"excerpt":{"rendered":"<p>Herzlich Willkommen: Unsere Mietwohnungen und Wohnmobilstellpl\u00e4tze befinden sich in der l\u00e4ndlichen Umgebung von Weesp. Zwischen Fluss und Wiesen ist dies ein wunderbarer Ort zum Entspannen. Es ist ein idealer Ausgangspunkt f\u00fcr Erkundungen, mit dem Fahrrad oder zu Fu\u00df, an der sch\u00f6nen Vecht oder die nahe gelegenen Seen. Dar\u00fcber hinaus gibt es zahlreiche M\u00f6glichkeiten zur Erholung [&hellip;]<\/p>\n","protected":false},"author":1,"featured_media":142,"parent":0,"menu_order":0,"comment_status":"closed","ping_status":"closed","template":"page_voorpagina.php","meta":{"footnotes":""},"class_list":["post-15","page","type-page","status-publish","has-post-thumbnail","hentry"],"yoast_head":"<!-- This site is optimized with the Yoast SEO plugin v27.3 - https:\/\/yoast.com\/product\/yoast-seo-wordpress\/ -->\n<title>Vecht &amp; Weide - Landelijke Vakantiehuisjes en Camperplaats<\/title>\n<meta name=\"description\" content=\"Onze vakantiehuisjes en camperplaats locaties vindt u in de landelijke omgeving van Weesp. Omringt door weilanden en rivier de Vecht is het een heerlijke plaats om tot rust te komen.\" \/>\n<meta name=\"robots\" content=\"index, follow, max-snippet:-1, max-image-preview:large, max-video-preview:-1\" \/>\n<link rel=\"canonical\" href=\"https:\/\/www.vechtenweide.nl\/\" \/>\n<meta property=\"og:locale\" content=\"de_DE\" \/>\n<meta property=\"og:type\" content=\"article\" \/>\n<meta property=\"og:title\" content=\"[:nl]Vecht &amp; Weide - Landelijke Vakantiehuisjes en Camperplaats [:]\" \/>\n<meta property=\"og:description\" content=\"{:nl}Onze vakantiehuisjes en camperplaats locaties vindt u in de landelijke omgeving van Weesp. Omringt door weilanden en rivier de Vecht is het een heerlijke plaats om tot rust te komen. {:}\" \/>\n<meta property=\"og:url\" content=\"https:\/\/www.vechtenweide.nl\/\" \/>\n<meta property=\"og:site_name\" content=\"Vecht &amp; Weide\" \/>\n<meta property=\"article:publisher\" content=\"https:\/\/www.facebook.com\/vakantiehuisjes.vecht.en.weide\/\" \/>\n<meta property=\"article:modified_time\" content=\"2025-02-28T08:05:09+00:00\" \/>\n<meta property=\"og:image\" content=\"https:\/\/www.vechtenweide.nl\/wp-content\/uploads\/2017\/05\/DSCN2412-scaled.jpg\" \/>\n\t<meta property=\"og:image:width\" content=\"2560\" \/>\n\t<meta property=\"og:image:height\" content=\"1920\" \/>\n\t<meta property=\"og:image:type\" content=\"image\/jpeg\" \/>\n<meta name=\"twitter:card\" content=\"summary_large_image\" \/>\n<meta name=\"twitter:label1\" content=\"Gesch\u00e4tzte Lesezeit\" \/>\n\t<meta name=\"twitter:data1\" content=\"7\u00a0Minuten\" \/>\n<script type=\"application\/ld+json\" class=\"yoast-schema-graph\">{\"@context\":\"https:\\\/\\\/schema.org\",\"@graph\":[{\"@type\":\"WebPage\",\"@id\":\"https:\\\/\\\/www.vechtenweide.nl\\\/\",\"url\":\"https:\\\/\\\/www.vechtenweide.nl\\\/\",\"name\":\"[:nl]Vecht &amp; Weide - Landelijke Vakantiehuisjes en Camperplaats [:]\",\"isPartOf\":{\"@id\":\"https:\\\/\\\/www.vechtenweide.nl\\\/#website\"},\"primaryImageOfPage\":{\"@id\":\"https:\\\/\\\/www.vechtenweide.nl\\\/#primaryimage\"},\"image\":{\"@id\":\"https:\\\/\\\/www.vechtenweide.nl\\\/#primaryimage\"},\"thumbnailUrl\":\"https:\\\/\\\/www.vechtenweide.nl\\\/wp-content\\\/uploads\\\/2017\\\/05\\\/DSCN2412-scaled.jpg\",\"datePublished\":\"2017-05-11T13:23:32+00:00\",\"dateModified\":\"2025-02-28T08:05:09+00:00\",\"description\":\"{:nl}Onze vakantiehuisjes en camperplaats locaties vindt u in de landelijke omgeving van Weesp. Omringt door weilanden en rivier de Vecht is het een heerlijke plaats om tot rust te komen. {:}\",\"breadcrumb\":{\"@id\":\"https:\\\/\\\/www.vechtenweide.nl\\\/#breadcrumb\"},\"inLanguage\":\"de\",\"potentialAction\":[{\"@type\":\"ReadAction\",\"target\":[\"https:\\\/\\\/www.vechtenweide.nl\\\/\"]}]},{\"@type\":\"ImageObject\",\"inLanguage\":\"de\",\"@id\":\"https:\\\/\\\/www.vechtenweide.nl\\\/#primaryimage\",\"url\":\"https:\\\/\\\/www.vechtenweide.nl\\\/wp-content\\\/uploads\\\/2017\\\/05\\\/DSCN2412-scaled.jpg\",\"contentUrl\":\"https:\\\/\\\/www.vechtenweide.nl\\\/wp-content\\\/uploads\\\/2017\\\/05\\\/DSCN2412-scaled.jpg\",\"width\":2560,\"height\":1920},{\"@type\":\"BreadcrumbList\",\"@id\":\"https:\\\/\\\/www.vechtenweide.nl\\\/#breadcrumb\",\"itemListElement\":[{\"@type\":\"ListItem\",\"position\":1,\"name\":\"Home\",\"item\":\"https:\\\/\\\/www.vechtenweide.nl\\\/\"},{\"@type\":\"ListItem\",\"position\":2,\"name\":\"Home\"}]},{\"@type\":\"WebSite\",\"@id\":\"https:\\\/\\\/www.vechtenweide.nl\\\/#website\",\"url\":\"https:\\\/\\\/www.vechtenweide.nl\\\/\",\"name\":\"Vecht & Weide\",\"description\":\"\",\"publisher\":{\"@id\":\"https:\\\/\\\/www.vechtenweide.nl\\\/#organization\"},\"potentialAction\":[{\"@type\":\"SearchAction\",\"target\":{\"@type\":\"EntryPoint\",\"urlTemplate\":\"https:\\\/\\\/www.vechtenweide.nl\\\/?s={search_term_string}\"},\"query-input\":{\"@type\":\"PropertyValueSpecification\",\"valueRequired\":true,\"valueName\":\"search_term_string\"}}],\"inLanguage\":\"de\"},{\"@type\":\"Organization\",\"@id\":\"https:\\\/\\\/www.vechtenweide.nl\\\/#organization\",\"name\":\"Vecht & Weide\",\"url\":\"https:\\\/\\\/www.vechtenweide.nl\\\/\",\"logo\":{\"@type\":\"ImageObject\",\"inLanguage\":\"de\",\"@id\":\"https:\\\/\\\/www.vechtenweide.nl\\\/#\\\/schema\\\/logo\\\/image\\\/\",\"url\":\"https:\\\/\\\/www.vechtenweide.nl\\\/wp-content\\\/uploads\\\/2017\\\/07\\\/logo_white_border.png\",\"contentUrl\":\"https:\\\/\\\/www.vechtenweide.nl\\\/wp-content\\\/uploads\\\/2017\\\/07\\\/logo_white_border.png\",\"width\":1551,\"height\":680,\"caption\":\"Vecht & Weide\"},\"image\":{\"@id\":\"https:\\\/\\\/www.vechtenweide.nl\\\/#\\\/schema\\\/logo\\\/image\\\/\"},\"sameAs\":[\"https:\\\/\\\/www.facebook.com\\\/vakantiehuisjes.vecht.en.weide\\\/\"]}]}<\/script>\n<!-- \/ Yoast SEO plugin. -->","yoast_head_json":{"title":"Vecht &amp; Weide - Landelijke Vakantiehuisjes en Camperplaats","description":"Onze vakantiehuisjes en camperplaats locaties vindt u in de landelijke omgeving van Weesp. Omringt door weilanden en rivier de Vecht is het een heerlijke plaats om tot rust te komen.","robots":{"index":"index","follow":"follow","max-snippet":"max-snippet:-1","max-image-preview":"max-image-preview:large","max-video-preview":"max-video-preview:-1"},"canonical":"https:\/\/www.vechtenweide.nl\/","og_locale":"de_DE","og_type":"article","og_title":"[:nl]Vecht &amp; Weide - Landelijke Vakantiehuisjes en Camperplaats [:]","og_description":"{:nl}Onze vakantiehuisjes en camperplaats locaties vindt u in de landelijke omgeving van Weesp. Omringt door weilanden en rivier de Vecht is het een heerlijke plaats om tot rust te komen. {:}","og_url":"https:\/\/www.vechtenweide.nl\/","og_site_name":"Vecht &amp; Weide","article_publisher":"https:\/\/www.facebook.com\/vakantiehuisjes.vecht.en.weide\/","article_modified_time":"2025-02-28T08:05:09+00:00","og_image":[{"width":2560,"height":1920,"url":"https:\/\/www.vechtenweide.nl\/wp-content\/uploads\/2017\/05\/DSCN2412-scaled.jpg","type":"image\/jpeg"}],"twitter_card":"summary_large_image","twitter_misc":{"Gesch\u00e4tzte Lesezeit":"7\u00a0Minuten"},"schema":{"@context":"https:\/\/schema.org","@graph":[{"@type":"WebPage","@id":"https:\/\/www.vechtenweide.nl\/","url":"https:\/\/www.vechtenweide.nl\/","name":"[:nl]Vecht &amp; Weide - Landelijke Vakantiehuisjes en Camperplaats [:]","isPartOf":{"@id":"https:\/\/www.vechtenweide.nl\/#website"},"primaryImageOfPage":{"@id":"https:\/\/www.vechtenweide.nl\/#primaryimage"},"image":{"@id":"https:\/\/www.vechtenweide.nl\/#primaryimage"},"thumbnailUrl":"https:\/\/www.vechtenweide.nl\/wp-content\/uploads\/2017\/05\/DSCN2412-scaled.jpg","datePublished":"2017-05-11T13:23:32+00:00","dateModified":"2025-02-28T08:05:09+00:00","description":"{:nl}Onze vakantiehuisjes en camperplaats locaties vindt u in de landelijke omgeving van Weesp. Omringt door weilanden en rivier de Vecht is het een heerlijke plaats om tot rust te komen. {:}","breadcrumb":{"@id":"https:\/\/www.vechtenweide.nl\/#breadcrumb"},"inLanguage":"de","potentialAction":[{"@type":"ReadAction","target":["https:\/\/www.vechtenweide.nl\/"]}]},{"@type":"ImageObject","inLanguage":"de","@id":"https:\/\/www.vechtenweide.nl\/#primaryimage","url":"https:\/\/www.vechtenweide.nl\/wp-content\/uploads\/2017\/05\/DSCN2412-scaled.jpg","contentUrl":"https:\/\/www.vechtenweide.nl\/wp-content\/uploads\/2017\/05\/DSCN2412-scaled.jpg","width":2560,"height":1920},{"@type":"BreadcrumbList","@id":"https:\/\/www.vechtenweide.nl\/#breadcrumb","itemListElement":[{"@type":"ListItem","position":1,"name":"Home","item":"https:\/\/www.vechtenweide.nl\/"},{"@type":"ListItem","position":2,"name":"Home"}]},{"@type":"WebSite","@id":"https:\/\/www.vechtenweide.nl\/#website","url":"https:\/\/www.vechtenweide.nl\/","name":"Vecht & Weide","description":"","publisher":{"@id":"https:\/\/www.vechtenweide.nl\/#organization"},"potentialAction":[{"@type":"SearchAction","target":{"@type":"EntryPoint","urlTemplate":"https:\/\/www.vechtenweide.nl\/?s={search_term_string}"},"query-input":{"@type":"PropertyValueSpecification","valueRequired":true,"valueName":"search_term_string"}}],"inLanguage":"de"},{"@type":"Organization","@id":"https:\/\/www.vechtenweide.nl\/#organization","name":"Vecht & Weide","url":"https:\/\/www.vechtenweide.nl\/","logo":{"@type":"ImageObject","inLanguage":"de","@id":"https:\/\/www.vechtenweide.nl\/#\/schema\/logo\/image\/","url":"https:\/\/www.vechtenweide.nl\/wp-content\/uploads\/2017\/07\/logo_white_border.png","contentUrl":"https:\/\/www.vechtenweide.nl\/wp-content\/uploads\/2017\/07\/logo_white_border.png","width":1551,"height":680,"caption":"Vecht & Weide"},"image":{"@id":"https:\/\/www.vechtenweide.nl\/#\/schema\/logo\/image\/"},"sameAs":["https:\/\/www.facebook.com\/vakantiehuisjes.vecht.en.weide\/"]}]}},"_links":{"self":[{"href":"https:\/\/www.vechtenweide.nl\/de\/wp-json\/wp\/v2\/pages\/15","targetHints":{"allow":["GET"]}}],"collection":[{"href":"https:\/\/www.vechtenweide.nl\/de\/wp-json\/wp\/v2\/pages"}],"about":[{"href":"https:\/\/www.vechtenweide.nl\/de\/wp-json\/wp\/v2\/types\/page"}],"author":[{"embeddable":true,"href":"https:\/\/www.vechtenweide.nl\/de\/wp-json\/wp\/v2\/users\/1"}],"replies":[{"embeddable":true,"href":"https:\/\/www.vechtenweide.nl\/de\/wp-json\/wp\/v2\/comments?post=15"}],"version-history":[{"count":33,"href":"https:\/\/www.vechtenweide.nl\/de\/wp-json\/wp\/v2\/pages\/15\/revisions"}],"predecessor-version":[{"id":33280,"href":"https:\/\/www.vechtenweide.nl\/de\/wp-json\/wp\/v2\/pages\/15\/revisions\/33280"}],"wp:featuredmedia":[{"embeddable":true,"href":"https:\/\/www.vechtenweide.nl\/de\/wp-json\/wp\/v2\/media\/142"}],"wp:attachment":[{"href":"https:\/\/www.vechtenweide.nl\/de\/wp-json\/wp\/v2\/media?parent=15"}],"curies":[{"name":"wp","href":"https:\/\/api.w.org\/{rel}","templated":true}]}}